{"id":37185,"date":"2025-11-08T00:57:44","date_gmt":"2025-11-08T00:57:44","guid":{"rendered":"https:\/\/huntxfit.com\/product\/zoomad-labs-zmb-90-capsules-30-servings\/"},"modified":"2025-12-09T21:01:07","modified_gmt":"2025-12-09T21:01:07","slug":"zoomad-labs-zmb-90-capsules-30-servings","status":"publish","type":"product","link":"https:\/\/huntxfit.com\/ar\/product\/zoomad-labs-zmb-90-capsules-30-servings\/","title":{"rendered":"\u0632\u0648\u0645\u0627\u062f \u0644\u0627\u0628\u0632 ZMB \u2013 90 \u0643\u0628\u0633\u0648\u0644\u0629 \u2013 30 \u062d\u0635\u0629"},"content":{"rendered":"<div class=\"elementor-element elementor-element-707b71f elementor-widget elementor-widget-text-editor\" data-id=\"707b71f\" data-element_type=\"widget\" data-widget_type=\"text-editor.default\">\n<div class=\"elementor-widget-container\">\n<div class=\"avatar-gutter ng-tns-c1137871678-20 ng-star-inserted\">\n<p><strong>ZMB<\/strong>\u00a0de\u00a0<strong>Zoomadlab\u00ae<\/strong>\u00a0combina\u00a0<strong>zinc, magnesio y vitamina B6<\/strong>\u00a0para optimizar la producci\u00f3n natural de testosterona y mejorar la\u00a0<strong>recuperaci\u00f3n muscular.<\/strong><\/p>\n<p>Favorece un descanso profundo al reducir el cortisol, acelerando la regeneraci\u00f3n y el crecimiento muscular. Su f\u00f3rmula ayuda a combatir la fatiga, aumentar la resistencia y mejorar la s\u00edntesis proteica. Adem\u00e1s, refuerza el\u00a0<strong>sistema inmunol\u00f3gico<\/strong>\u00a0y promueve el equilibrio hormonal.<\/p>\n<p>Un suplemento esencial para maximizar el rendimiento y la recuperaci\u00f3n.<\/p>\n<\/div>\n<\/div>\n<\/div>\n<div class=\"elementor-element elementor-element-5647249 elementor-widget elementor-widget-heading\" data-id=\"5647249\" data-element_type=\"widget\" data-widget_type=\"heading.default\">\n<div class=\"elementor-widget-container\">\n<h5 class=\"elementor-heading-title elementor-size-default\">Optimizaci\u00f3n hormonal y soporte anab\u00f3lico<\/h5>\n<\/div>\n<\/div>\n<div class=\"elementor-element elementor-element-852a9df elementor-widget elementor-widget-text-editor\" data-id=\"852a9df\" data-element_type=\"widget\" data-widget_type=\"text-editor.default\">\n<div class=\"elementor-widget-container\">\n<div class=\"avatar-gutter ng-tns-c1137871678-20 ng-star-inserted\">\n<p>El\u00a0<strong>zinc y el magnesio<\/strong>\u00a0desempe\u00f1an un papel clave en la producci\u00f3n natural de\u00a0<strong>testosterona<\/strong>\u00a0y la regulaci\u00f3n de hormonas anab\u00f3licas. Un adecuado aporte de estos minerales contribuye a mejorar la s\u00edntesis proteica, el crecimiento muscular y la recuperaci\u00f3n post-entrenamiento. Adem\u00e1s, la\u00a0<strong>vitamina B6<\/strong>\u00a0potencia la absorci\u00f3n y biodisponibilidad de estos nutrientes, maximizando su eficacia.<\/p>\n<\/div>\n<\/div>\n<\/div>\n<div class=\"elementor-element elementor-element-bfe2e7f elementor-widget elementor-widget-heading\" data-id=\"bfe2e7f\" data-element_type=\"widget\" data-widget_type=\"heading.default\">\n<div class=\"elementor-widget-container\">\n<h5 class=\"elementor-heading-title elementor-size-default\">Recuperaci\u00f3n muscular y sue\u00f1o profundo<\/h5>\n<\/div>\n<\/div>\n<div class=\"elementor-element elementor-element-3a853aa elementor-widget elementor-widget-text-editor\" data-id=\"3a853aa\" data-element_type=\"widget\" data-widget_type=\"text-editor.default\">\n<div class=\"elementor-widget-container\">\n<div class=\"avatar-gutter ng-tns-c1137871678-20 ng-star-inserted\">\n<p>El\u00a0<strong>magnesio<\/strong>\u00a0favorece la relajaci\u00f3n muscular y la reducci\u00f3n del cortisol, lo que mejora la calidad del sue\u00f1o y optimiza los procesos de regeneraci\u00f3n celular. Un descanso profundo y reparador es esencial para la recuperaci\u00f3n muscular y el equilibrio del sistema nervioso, permitiendo entrenamientos m\u00e1s intensos y eficientes.<\/p>\n<\/div>\n<\/div>\n<\/div>\n<div class=\"elementor-element elementor-element-85b2a46 elementor-widget elementor-widget-heading\" data-id=\"85b2a46\" data-element_type=\"widget\" data-widget_type=\"heading.default\">\n<div class=\"elementor-widget-container\">\n<h5 class=\"elementor-heading-title elementor-size-default\">Fortalecimiento muscular y reducci\u00f3n de la fatiga<\/h5>\n<\/div>\n<\/div>\n<div class=\"elementor-element elementor-element-7b69ca8 elementor-widget elementor-widget-text-editor\" data-id=\"7b69ca8\" data-element_type=\"widget\" data-widget_type=\"text-editor.default\">\n<div class=\"elementor-widget-container\">\n<div class=\"avatar-gutter ng-tns-c1137871678-20 ng-star-inserted\">\n<p>El\u00a0<strong>zinc<\/strong>\u00a0participa en la s\u00edntesis de prote\u00ednas y en la reparaci\u00f3n de tejidos musculares, mientras que el magnesio es fundamental para la producci\u00f3n de\u00a0<strong>ATP<\/strong>, la principal fuente de energ\u00eda celular. Un correcto aporte de estos minerales ayuda a mejorar la resistencia, prevenir calambres y reducir la sensaci\u00f3n de fatiga durante el ejercicio, favoreciendo un rendimiento \u00f3ptimo en cada sesi\u00f3n de entrenamiento.<\/p>\n<\/div>\n<\/div>\n<\/div>","protected":false},"excerpt":{"rendered":"<p>ZMB\u00a0de\u00a0Zoomadlab\u00ae\u00a0combina\u00a0zinc, magnesio y vitamina B6\u00a0para optimizar la producci\u00f3n natural de testosterona y mejorar la\u00a0recuperaci\u00f3n muscular. Favorece un descanso profundo al<\/p>","protected":false},"featured_media":37186,"comment_status":"open","ping_status":"closed","template":"","meta":[],"product_brand":[],"product_cat":[248,246,254],"product_tag":[],"class_list":{"0":"post-37185","1":"product","2":"type-product","3":"status-publish","4":"has-post-thumbnail","6":"product_cat-health-strength","7":"product_cat-new-arrival","8":"product_cat-vitamins-and-minerals","10":"first","11":"instock","12":"shipping-taxable","13":"purchasable","14":"product-type-simple"},"yoast_head":"<!-- This site is optimized with the Yoast SEO plugin v27.5 - https:\/\/yoast.com\/product\/yoast-seo-wordpress\/ -->\n<title>Zoomad Labs ZMB &#8211; 90 Capsules &#8211; 30 Servings - huntx<\/title>\n<meta name=\"robots\" content=\"index, follow, max-snippet:-1, max-image-preview:large, max-video-preview:-1\" \/>\n<link rel=\"canonical\" href=\"https:\/\/huntxfit.com\/ar\/product\/zoomad-labs-zmb-90-capsules-30-servings\/\" \/>\n<meta property=\"og:locale\" content=\"ar_AR\" \/>\n<meta property=\"og:type\" content=\"article\" \/>\n<meta property=\"og:title\" content=\"Zoomad Labs ZMB &#8211; 90 Capsules &#8211; 30 Servings - huntx\" \/>\n<meta property=\"og:description\" content=\"ZMB\u00a0de\u00a0Zoomadlab\u00ae\u00a0combina\u00a0zinc, magnesio y vitamina B6\u00a0para optimizar la producci\u00f3n natural de testosterona y mejorar la\u00a0recuperaci\u00f3n muscular. Favorece un descanso profundo al\" \/>\n<meta property=\"og:url\" content=\"https:\/\/huntxfit.com\/ar\/product\/zoomad-labs-zmb-90-capsules-30-servings\/\" \/>\n<meta property=\"og:site_name\" content=\"huntx\" \/>\n<meta property=\"article:modified_time\" content=\"2025-12-09T21:01:07+00:00\" \/>\n<meta property=\"og:image\" content=\"https:\/\/aquamarine-whale-730813.hostingersite.com\/wp-content\/uploads\/2025\/11\/Zoomad-Labs-ZMB-90-Capsules-30-Servings.jpg\" \/>\n\t<meta property=\"og:image:width\" content=\"1000\" \/>\n\t<meta property=\"og:image:height\" content=\"1000\" \/>\n\t<meta property=\"og:image:type\" content=\"image\/jpeg\" \/>\n<meta name=\"twitter:card\" content=\"summary_large_image\" \/>\n<meta name=\"twitter:label1\" content=\"\u0648\u0642\u062a \u0627\u0644\u0642\u0631\u0627\u0621\u0629 \u0627\u0644\u0645\u064f\u0642\u062f\u0651\u0631\" \/>\n\t<meta name=\"twitter:data1\" content=\"\u062f\u0642\u064a\u0642\u0629 \u0648\u0627\u062d\u062f\u0629\" \/>\n<script type=\"application\/ld+json\" class=\"yoast-schema-graph\">{\"@context\":\"https:\\\/\\\/schema.org\",\"@graph\":[{\"@type\":\"WebPage\",\"@id\":\"https:\\\/\\\/huntxfit.com\\\/ar\\\/product\\\/zoomad-labs-zmb-90-capsules-30-servings\\\/\",\"url\":\"https:\\\/\\\/huntxfit.com\\\/ar\\\/product\\\/zoomad-labs-zmb-90-capsules-30-servings\\\/\",\"name\":\"Zoomad Labs ZMB &#8211; 90 Capsules &#8211; 30 Servings - huntx\",\"isPartOf\":{\"@id\":\"https:\\\/\\\/huntxfit.com\\\/ar\\\/#website\"},\"primaryImageOfPage\":{\"@id\":\"https:\\\/\\\/huntxfit.com\\\/ar\\\/product\\\/zoomad-labs-zmb-90-capsules-30-servings\\\/#primaryimage\"},\"image\":{\"@id\":\"https:\\\/\\\/huntxfit.com\\\/ar\\\/product\\\/zoomad-labs-zmb-90-capsules-30-servings\\\/#primaryimage\"},\"thumbnailUrl\":\"https:\\\/\\\/huntxfit.com\\\/wp-content\\\/uploads\\\/2025\\\/11\\\/Zoomad-Labs-ZMB-90-Capsules-30-Servings.jpg\",\"datePublished\":\"2025-11-08T00:57:44+00:00\",\"dateModified\":\"2025-12-09T21:01:07+00:00\",\"breadcrumb\":{\"@id\":\"https:\\\/\\\/huntxfit.com\\\/ar\\\/product\\\/zoomad-labs-zmb-90-capsules-30-servings\\\/#breadcrumb\"},\"inLanguage\":\"ar\",\"potentialAction\":[{\"@type\":\"ReadAction\",\"target\":[\"https:\\\/\\\/huntxfit.com\\\/ar\\\/product\\\/zoomad-labs-zmb-90-capsules-30-servings\\\/\"]}]},{\"@type\":\"ImageObject\",\"inLanguage\":\"ar\",\"@id\":\"https:\\\/\\\/huntxfit.com\\\/ar\\\/product\\\/zoomad-labs-zmb-90-capsules-30-servings\\\/#primaryimage\",\"url\":\"https:\\\/\\\/huntxfit.com\\\/wp-content\\\/uploads\\\/2025\\\/11\\\/Zoomad-Labs-ZMB-90-Capsules-30-Servings.jpg\",\"contentUrl\":\"https:\\\/\\\/huntxfit.com\\\/wp-content\\\/uploads\\\/2025\\\/11\\\/Zoomad-Labs-ZMB-90-Capsules-30-Servings.jpg\",\"width\":1000,\"height\":1000,\"caption\":\"Zoomad Labs ZMB &#8211; 90 Capsules &#8211; 30 Servings\"},{\"@type\":\"BreadcrumbList\",\"@id\":\"https:\\\/\\\/huntxfit.com\\\/ar\\\/product\\\/zoomad-labs-zmb-90-capsules-30-servings\\\/#breadcrumb\",\"itemListElement\":[{\"@type\":\"ListItem\",\"position\":1,\"name\":\"Home\",\"item\":\"https:\\\/\\\/huntxfit.com\\\/ar\\\/home-2\\\/\"},{\"@type\":\"ListItem\",\"position\":2,\"name\":\"Shop\",\"item\":\"https:\\\/\\\/aquamarine-whale-730813.hostingersite.com\\\/shop\\\/\"},{\"@type\":\"ListItem\",\"position\":3,\"name\":\"Zoomad Labs ZMB &#8211; 90 Capsules &#8211; 30 Servings\"}]},{\"@type\":\"WebSite\",\"@id\":\"https:\\\/\\\/huntxfit.com\\\/ar\\\/#website\",\"url\":\"https:\\\/\\\/huntxfit.com\\\/ar\\\/\",\"name\":\"huntx\",\"description\":\"\",\"potentialAction\":[{\"@type\":\"SearchAction\",\"target\":{\"@type\":\"EntryPoint\",\"urlTemplate\":\"https:\\\/\\\/huntxfit.com\\\/ar\\\/?s={search_term_string}\"},\"query-input\":{\"@type\":\"PropertyValueSpecification\",\"valueRequired\":true,\"valueName\":\"search_term_string\"}}],\"inLanguage\":\"ar\"}]}<\/script>\n<!-- \/ Yoast SEO plugin. -->","yoast_head_json":{"title":"Zoomad Labs ZMB &#8211; 90 Capsules &#8211; 30 Servings - huntx","robots":{"index":"index","follow":"follow","max-snippet":"max-snippet:-1","max-image-preview":"max-image-preview:large","max-video-preview":"max-video-preview:-1"},"canonical":"https:\/\/huntxfit.com\/ar\/product\/zoomad-labs-zmb-90-capsules-30-servings\/","og_locale":"ar_AR","og_type":"article","og_title":"Zoomad Labs ZMB &#8211; 90 Capsules &#8211; 30 Servings - huntx","og_description":"ZMB\u00a0de\u00a0Zoomadlab\u00ae\u00a0combina\u00a0zinc, magnesio y vitamina B6\u00a0para optimizar la producci\u00f3n natural de testosterona y mejorar la\u00a0recuperaci\u00f3n muscular. Favorece un descanso profundo al","og_url":"https:\/\/huntxfit.com\/ar\/product\/zoomad-labs-zmb-90-capsules-30-servings\/","og_site_name":"huntx","article_modified_time":"2025-12-09T21:01:07+00:00","og_image":[{"width":1000,"height":1000,"url":"https:\/\/aquamarine-whale-730813.hostingersite.com\/wp-content\/uploads\/2025\/11\/Zoomad-Labs-ZMB-90-Capsules-30-Servings.jpg","type":"image\/jpeg"}],"twitter_card":"summary_large_image","twitter_misc":{"\u0648\u0642\u062a \u0627\u0644\u0642\u0631\u0627\u0621\u0629 \u0627\u0644\u0645\u064f\u0642\u062f\u0651\u0631":"\u062f\u0642\u064a\u0642\u0629 \u0648\u0627\u062d\u062f\u0629"},"schema":{"@context":"https:\/\/schema.org","@graph":[{"@type":"WebPage","@id":"https:\/\/huntxfit.com\/ar\/product\/zoomad-labs-zmb-90-capsules-30-servings\/","url":"https:\/\/huntxfit.com\/ar\/product\/zoomad-labs-zmb-90-capsules-30-servings\/","name":"Zoomad Labs ZMB &#8211; 90 Capsules &#8211; 30 Servings - huntx","isPartOf":{"@id":"https:\/\/huntxfit.com\/ar\/#website"},"primaryImageOfPage":{"@id":"https:\/\/huntxfit.com\/ar\/product\/zoomad-labs-zmb-90-capsules-30-servings\/#primaryimage"},"image":{"@id":"https:\/\/huntxfit.com\/ar\/product\/zoomad-labs-zmb-90-capsules-30-servings\/#primaryimage"},"thumbnailUrl":"https:\/\/huntxfit.com\/wp-content\/uploads\/2025\/11\/Zoomad-Labs-ZMB-90-Capsules-30-Servings.jpg","datePublished":"2025-11-08T00:57:44+00:00","dateModified":"2025-12-09T21:01:07+00:00","breadcrumb":{"@id":"https:\/\/huntxfit.com\/ar\/product\/zoomad-labs-zmb-90-capsules-30-servings\/#breadcrumb"},"inLanguage":"ar","potentialAction":[{"@type":"ReadAction","target":["https:\/\/huntxfit.com\/ar\/product\/zoomad-labs-zmb-90-capsules-30-servings\/"]}]},{"@type":"ImageObject","inLanguage":"ar","@id":"https:\/\/huntxfit.com\/ar\/product\/zoomad-labs-zmb-90-capsules-30-servings\/#primaryimage","url":"https:\/\/huntxfit.com\/wp-content\/uploads\/2025\/11\/Zoomad-Labs-ZMB-90-Capsules-30-Servings.jpg","contentUrl":"https:\/\/huntxfit.com\/wp-content\/uploads\/2025\/11\/Zoomad-Labs-ZMB-90-Capsules-30-Servings.jpg","width":1000,"height":1000,"caption":"Zoomad Labs ZMB &#8211; 90 Capsules &#8211; 30 Servings"},{"@type":"BreadcrumbList","@id":"https:\/\/huntxfit.com\/ar\/product\/zoomad-labs-zmb-90-capsules-30-servings\/#breadcrumb","itemListElement":[{"@type":"ListItem","position":1,"name":"Home","item":"https:\/\/huntxfit.com\/ar\/home-2\/"},{"@type":"ListItem","position":2,"name":"Shop","item":"https:\/\/aquamarine-whale-730813.hostingersite.com\/shop\/"},{"@type":"ListItem","position":3,"name":"Zoomad Labs ZMB &#8211; 90 Capsules &#8211; 30 Servings"}]},{"@type":"WebSite","@id":"https:\/\/huntxfit.com\/ar\/#website","url":"https:\/\/huntxfit.com\/ar\/","name":"huntx","description":"","potentialAction":[{"@type":"SearchAction","target":{"@type":"EntryPoint","urlTemplate":"https:\/\/huntxfit.com\/ar\/?s={search_term_string}"},"query-input":{"@type":"PropertyValueSpecification","valueRequired":true,"valueName":"search_term_string"}}],"inLanguage":"ar"}]}},"_links":{"self":[{"href":"https:\/\/huntxfit.com\/ar\/wp-json\/wp\/v2\/product\/37185","targetHints":{"allow":["GET"]}}],"collection":[{"href":"https:\/\/huntxfit.com\/ar\/wp-json\/wp\/v2\/product"}],"about":[{"href":"https:\/\/huntxfit.com\/ar\/wp-json\/wp\/v2\/types\/product"}],"replies":[{"embeddable":true,"href":"https:\/\/huntxfit.com\/ar\/wp-json\/wp\/v2\/comments?post=37185"}],"wp:featuredmedia":[{"embeddable":true,"href":"https:\/\/huntxfit.com\/ar\/wp-json\/wp\/v2\/media\/37186"}],"wp:attachment":[{"href":"https:\/\/huntxfit.com\/ar\/wp-json\/wp\/v2\/media?parent=37185"}],"wp:term":[{"taxonomy":"product_brand","embeddable":true,"href":"https:\/\/huntxfit.com\/ar\/wp-json\/wp\/v2\/product_brand?post=37185"},{"taxonomy":"product_cat","embeddable":true,"href":"https:\/\/huntxfit.com\/ar\/wp-json\/wp\/v2\/product_cat?post=37185"},{"taxonomy":"product_tag","embeddable":true,"href":"https:\/\/huntxfit.com\/ar\/wp-json\/wp\/v2\/product_tag?post=37185"}],"curies":[{"name":"wp","href":"https:\/\/api.w.org\/{rel}","templated":true}]}}